{"id":188,"date":"2024-12-30T15:41:45","date_gmt":"2024-12-30T14:41:45","guid":{"rendered":"https:\/\/ekscelencjafci.pl\/?page_id=188"},"modified":"2025-12-02T19:45:51","modified_gmt":"2025-12-02T18:45:51","slug":"wystawy","status":"publish","type":"page","link":"https:\/\/ekscelencjafci.pl\/en\/owczarek-szkocki\/wystawy\/","title":{"rendered":"Wystawy 2025"},"content":{"rendered":"<p>Zako\u0144czyli\u015bmy sezon wystawowy 2025 z nowymi tytu\u0142ami :<br>Champion Polski -PABLO PICASSO Fellow Of Eternity <\/p>\n\n\n\n<p>Champion Rumunii- PABLO PICASSO Fellow Of Eternity<\/p>\n\n\n\n<p>GRAND Champion Rumunii - PABLO PICASSO Fellow Of Eternity<\/p>\n\n\n\n<p>CEEU WINNER - PABLO PICASSO Fellow Of Eternity<\/p>\n\n\n\n<p>CRUFTS Qualification 2026- PABLO PICASSO Fellow Of Eternity<\/p>\n\n\n\n<p>Rozpocz\u0119cie Championatu POLSKI - WI\u015aNI\u00d3WKA Szkockie Wrzosowisko <\/p>\n\n\n\n<figure class=\"wp-block-image size-large\"><img loading=\"lazy\" decoding=\"async\" width=\"1024\" height=\"672\" src=\"https:\/\/ekscelencjafci.pl\/wp-content\/uploads\/2025\/12\/0P6A1006-copy-1024x672.jpg\" alt=\"\" class=\"wp-image-401\" srcset=\"https:\/\/ekscelencjafci.pl\/wp-content\/uploads\/2025\/12\/0P6A1006-copy-1024x672.jpg 1024w, https:\/\/ekscelencjafci.pl\/wp-content\/uploads\/2025\/12\/0P6A1006-copy-300x197.jpg 300w, https:\/\/ekscelencjafci.pl\/wp-content\/uploads\/2025\/12\/0P6A1006-copy-768x504.jpg 768w, https:\/\/ekscelencjafci.pl\/wp-content\/uploads\/2025\/12\/0P6A1006-copy-1536x1008.jpg 1536w, https:\/\/ekscelencjafci.pl\/wp-content\/uploads\/2025\/12\/0P6A1006-copy-2048x1345.jpg 2048w, https:\/\/ekscelencjafci.pl\/wp-content\/uploads\/2025\/12\/0P6A1006-copy-18x12.jpg 18w, https:\/\/ekscelencjafci.pl\/wp-content\/uploads\/2025\/12\/0P6A1006-copy-scaled.jpg 2560w\" sizes=\"auto, (max-width: 1024px) 100vw, 1024px\" \/><\/figure>\n\n\n\n<figure class=\"wp-block-image size-large\"><img loading=\"lazy\" decoding=\"async\" width=\"1024\" height=\"768\" src=\"https:\/\/ekscelencjafci.pl\/wp-content\/uploads\/2025\/12\/518785107_1832014574019313_5277755118108194228_n-1024x768.jpg\" alt=\"\" class=\"wp-image-402\" srcset=\"https:\/\/ekscelencjafci.pl\/wp-content\/uploads\/2025\/12\/518785107_1832014574019313_5277755118108194228_n-1024x768.jpg 1024w, https:\/\/ekscelencjafci.pl\/wp-content\/uploads\/2025\/12\/518785107_1832014574019313_5277755118108194228_n-300x225.jpg 300w, https:\/\/ekscelencjafci.pl\/wp-content\/uploads\/2025\/12\/518785107_1832014574019313_5277755118108194228_n-768x576.jpg 768w, https:\/\/ekscelencjafci.pl\/wp-content\/uploads\/2025\/12\/518785107_1832014574019313_5277755118108194228_n-1536x1152.jpg 1536w, https:\/\/ekscelencjafci.pl\/wp-content\/uploads\/2025\/12\/518785107_1832014574019313_5277755118108194228_n-16x12.jpg 16w, https:\/\/ekscelencjafci.pl\/wp-content\/uploads\/2025\/12\/518785107_1832014574019313_5277755118108194228_n.jpg 2048w\" sizes=\"auto, (max-width: 1024px) 100vw, 1024px\" \/><\/figure>","protected":false},"excerpt":{"rendered":"<p>Zako\u0144czyli\u015bmy sezon wystawowy 2025 z nowymi tytu\u0142ami :Champion Polski -PABLO PICASSO Fellow Of Eternity Champion Rumunii- PABLO PICASSO Fellow Of Eternity GRAND Champion Rumunii - PABLO PICASSO Fellow Of Eternity CEEU WINNER - PABLO PICASSO Fellow Of Eternity CRUFTS Qualification 2026- PABLO PICASSO Fellow Of Eternity Rozpocz\u0119cie Championatu POLSKI - WI\u015aNI\u00d3WKA Szkockie Wrzosowisko<\/p>","protected":false},"author":1,"featured_media":0,"parent":36,"menu_order":0,"comment_status":"closed","ping_status":"closed","template":"","meta":{"inline_featured_image":false,"footnotes":""},"class_list":["post-188","page","type-page","status-publish","hentry"],"_links":{"self":[{"href":"https:\/\/ekscelencjafci.pl\/en\/wp-json\/wp\/v2\/pages\/188","targetHints":{"allow":["GET"]}}],"collection":[{"href":"https:\/\/ekscelencjafci.pl\/en\/wp-json\/wp\/v2\/pages"}],"about":[{"href":"https:\/\/ekscelencjafci.pl\/en\/wp-json\/wp\/v2\/types\/page"}],"author":[{"embeddable":true,"href":"https:\/\/ekscelencjafci.pl\/en\/wp-json\/wp\/v2\/users\/1"}],"replies":[{"embeddable":true,"href":"https:\/\/ekscelencjafci.pl\/en\/wp-json\/wp\/v2\/comments?post=188"}],"version-history":[{"count":2,"href":"https:\/\/ekscelencjafci.pl\/en\/wp-json\/wp\/v2\/pages\/188\/revisions"}],"predecessor-version":[{"id":403,"href":"https:\/\/ekscelencjafci.pl\/en\/wp-json\/wp\/v2\/pages\/188\/revisions\/403"}],"up":[{"embeddable":true,"href":"https:\/\/ekscelencjafci.pl\/en\/wp-json\/wp\/v2\/pages\/36"}],"wp:attachment":[{"href":"https:\/\/ekscelencjafci.pl\/en\/wp-json\/wp\/v2\/media?parent=188"}],"curies":[{"name":"wp","href":"https:\/\/api.w.org\/{rel}","templated":true}]}}