{"id":3,"date":"2024-12-02T03:35:59","date_gmt":"2024-12-02T02:35:59","guid":{"rendered":"http:\/\/ekscelencjafci.pl\/?page_id=3"},"modified":"2025-01-03T02:51:38","modified_gmt":"2025-01-03T01:51:38","slug":"polityka-prywatnosci","status":"publish","type":"page","link":"https:\/\/ekscelencjafci.pl\/en\/polityka-prywatnosci\/","title":{"rendered":"Polityka prywatno\u015bci"},"content":{"rendered":"<h1 class=\"wp-block-heading\"><strong>Polityka Prywatno\u015bci<\/strong><\/h1>\n\n\n\n<h2 class=\"wp-block-heading\"><strong>1. Postanowienia og\u00f3lne<\/strong><\/h2>\n\n\n\n<ol class=\"wp-block-list\">\n<li>Niniejsza Polityka Prywatno\u015bci okre\u015bla zasady przetwarzania danych osobowych u\u017cytkownik\u00f3w korzystaj\u0105cych ze strony internetowej <strong>ekscelencjafci.pl<\/strong>, dost\u0119pnej pod adresem <strong>ekscelencjafci.pl<\/strong>.<\/li>\n\n\n\n<li>Administratorem danych osobowych jest Magdalena K\u0105dziela,\u00a0Siedlec, 32-744 Siedlec Boche\u0144ski\u00a0 (dalej: \"Administrator\").<\/li>\n\n\n\n<li>Administrator przetwarza dane zgodnie z obowi\u0105zuj\u0105cymi przepisami prawa, w tym Rozporz\u0105dzeniem Parlamentu Europejskiego i Rady (UE) 2016\/679 z dnia 27 kwietnia 2016 r. (RODO).<\/li>\n<\/ol>\n\n\n\n<hr class=\"wp-block-separator has-alpha-channel-opacity\"\/>\n\n\n\n<h2 class=\"wp-block-heading\"><strong>2. Zakres i cel przetwarzania danych osobowych<\/strong><\/h2>\n\n\n\n<ol class=\"wp-block-list\">\n<li>Administrator przetwarza dane osobowe w nast\u0119puj\u0105cych celach:\n<ul class=\"wp-block-list\">\n<li>Realizacja us\u0142ug oferowanych na stronie.<\/li>\n\n\n\n<li>Obs\u0142uga zapyta\u0144 przesy\u0142anych za pomoc\u0105 formularza kontaktowego.<\/li>\n\n\n\n<li>Wysy\u0142ka newslettera (po uzyskaniu zgody).<\/li>\n\n\n\n<li>Marketing produkt\u00f3w i us\u0142ug Administratora.<\/li>\n\n\n\n<li>Realizacja obowi\u0105zk\u00f3w wynikaj\u0105cych z przepis\u00f3w prawa.<\/li>\n<\/ul>\n<\/li>\n\n\n\n<li>Zakres przetwarzanych danych obejmuje m.in.:\n<ul class=\"wp-block-list\">\n<li>Imi\u0119 i nazwisko.<\/li>\n\n\n\n<li>Adres e-mail.<\/li>\n\n\n\n<li>Numer telefonu.<\/li>\n\n\n\n<li>Adres IP.<\/li>\n<\/ul>\n<\/li>\n<\/ol>\n\n\n\n<hr class=\"wp-block-separator has-alpha-channel-opacity\"\/>\n\n\n\n<h2 class=\"wp-block-heading\"><strong>3. Podstawa prawna przetwarzania<\/strong><\/h2>\n\n\n\n<p>Administrator przetwarza dane osobowe na podstawie:<\/p>\n\n\n\n<ol class=\"wp-block-list\">\n<li>Zgody u\u017cytkownika (art. 6 ust. 1 lit. a RODO).<\/li>\n\n\n\n<li>Niezb\u0119dno\u015bci do wykonania umowy (art. 6 ust. 1 lit. b RODO).<\/li>\n\n\n\n<li>Obowi\u0105zku prawnego ci\u0105\u017c\u0105cego na Administratorze (art. 6 ust. 1 lit. c RODO).<\/li>\n\n\n\n<li>Uzasadnionego interesu Administratora (art. 6 ust. 1 lit. f RODO).<\/li>\n<\/ol>\n\n\n\n<hr class=\"wp-block-separator has-alpha-channel-opacity\"\/>\n\n\n\n<h2 class=\"wp-block-heading\"><strong>4. Prawa u\u017cytkownik\u00f3w<\/strong><\/h2>\n\n\n\n<p>Ka\u017cdy u\u017cytkownik ma prawo do:<\/p>\n\n\n\n<ol class=\"wp-block-list\">\n<li>Dost\u0119pu do swoich danych osobowych.<\/li>\n\n\n\n<li>Sprostowania danych, je\u015bli s\u0105 nieprawid\u0142owe.<\/li>\n\n\n\n<li>Usuni\u0119cia danych (prawo do bycia zapomnianym).<\/li>\n\n\n\n<li>Ograniczenia przetwarzania danych.<\/li>\n\n\n\n<li>Przenoszenia danych do innego Administratora.<\/li>\n\n\n\n<li>Wniesienia sprzeciwu wobec przetwarzania danych.<\/li>\n\n\n\n<li>Wycofania zgody na przetwarzanie danych w dowolnym momencie.<\/li>\n\n\n\n<li>Z\u0142o\u017cenia skargi do organu nadzorczego (w Polsce: Prezes Urz\u0119du Ochrony Danych Osobowych).<\/li>\n<\/ol>\n\n\n\n<hr class=\"wp-block-separator has-alpha-channel-opacity\"\/>\n\n\n\n<h2 class=\"wp-block-heading\"><strong>5. Okres przechowywania danych<\/strong><\/h2>\n\n\n\n<p>Administrator przechowuje dane osobowe przez okres niezb\u0119dny do realizacji cel\u00f3w przetwarzania, a po tym czasie:<\/p>\n\n\n\n<ol class=\"wp-block-list\">\n<li>Przez okres wymagany przepisami prawa.<\/li>\n\n\n\n<li>Do czasu przedawnienia roszcze\u0144 zwi\u0105zanych z przetwarzaniem danych.<\/li>\n<\/ol>\n\n\n\n<hr class=\"wp-block-separator has-alpha-channel-opacity\"\/>\n\n\n\n<h2 class=\"wp-block-heading\"><strong>6. Udost\u0119pnianie danych<\/strong><\/h2>\n\n\n\n<ol class=\"wp-block-list\">\n<li>Dane osobowe u\u017cytkownik\u00f3w mog\u0105 by\u0107 udost\u0119pniane:\n<ul class=\"wp-block-list\">\n<li>Podmiotom przetwarzaj\u0105cym dane na zlecenie Administratora (np. dostawcom us\u0142ug IT, firmom kurierskim).<\/li>\n\n\n\n<li>Organom publicznym w przypadkach przewidzianych przez prawo.<\/li>\n<\/ul>\n<\/li>\n\n\n\n<li>Dane nie b\u0119d\u0105 przekazywane do pa\u0144stw trzecich ani organizacji mi\u0119dzynarodowych, chyba \u017ce b\u0119dzie to wymagane przez przepisy prawa.<\/li>\n<\/ol>\n\n\n\n<hr class=\"wp-block-separator has-alpha-channel-opacity\"\/>\n\n\n\n<h2 class=\"wp-block-heading\"><strong>7. Pliki cookies i technologie \u015bledz\u0105ce<\/strong><\/h2>\n\n\n\n<ol class=\"wp-block-list\">\n<li>Strona wykorzystuje pliki cookies w celach:\n<ul class=\"wp-block-list\">\n<li>U\u0142atwienia korzystania z serwisu.<\/li>\n\n\n\n<li>Personalizacji tre\u015bci.<\/li>\n\n\n\n<li>Analizy statystyk odwiedzin.<\/li>\n<\/ul>\n<\/li>\n\n\n\n<li>U\u017cytkownik mo\u017ce zarz\u0105dza\u0107 ustawieniami cookies za po\u015brednictwem swojej przegl\u0105darki internetowej.<\/li>\n<\/ol>\n\n\n\n<hr class=\"wp-block-separator has-alpha-channel-opacity\"\/>\n\n\n\n<h2 class=\"wp-block-heading\"><strong>8. Zabezpieczenie danych<\/strong><\/h2>\n\n\n\n<p>Administrator stosuje \u015brodki techniczne i organizacyjne w celu ochrony danych osobowych przed nieuprawnionym dost\u0119pem, modyfikacj\u0105, utrat\u0105 lub zniszczeniem.<\/p>\n\n\n\n<hr class=\"wp-block-separator has-alpha-channel-opacity\"\/>\n\n\n\n<h2 class=\"wp-block-heading\"><strong>9. Zmiany Polityki Prywatno\u015bci<\/strong><\/h2>\n\n\n\n<p>Administrator zastrzega sobie prawo do wprowadzenia zmian w niniejszej Polityce Prywatno\u015bci. Aktualna wersja dokumentu zawsze b\u0119dzie dost\u0119pna na stronie internetowej.<\/p>\n\n\n\n<hr class=\"wp-block-separator has-alpha-channel-opacity\"\/>\n\n\n\n<h2 class=\"wp-block-heading\"><strong>10. Kontakt<\/strong><\/h2>\n\n\n\n<p>W razie pyta\u0144 dotycz\u0105cych Polityki Prywatno\u015bci prosimy o kontakt pod adresem:<\/p>\n\n\n\n<ul class=\"wp-block-list\">\n<li>E-mail:<strong> magda.kita883@interia.pl<\/strong><\/li>\n\n\n\n<li>Telefon: <strong><a href=\"tel:504040321\">504 040 321<\/a><\/strong><\/li>\n<\/ul>","protected":false},"excerpt":{"rendered":"<p>Polityka Prywatno\u015bci 1. Postanowienia og\u00f3lne 2. Zakres i cel przetwarzania danych osobowych 3. Podstawa prawna przetwarzania Administrator przetwarza dane osobowe na podstawie: 4. Prawa u\u017cytkownik\u00f3w Ka\u017cdy u\u017cytkownik ma prawo do: 5. Okres przechowywania danych Administrator przechowuje dane osobowe przez okres niezb\u0119dny do realizacji cel\u00f3w przetwarzania, a po tym czasie: 6. Udost\u0119pnianie danych 7. Pliki cookies [&hellip;]<\/p>\n","protected":false},"author":1,"featured_media":0,"parent":0,"menu_order":0,"comment_status":"closed","ping_status":"open","template":"","meta":{"inline_featured_image":false,"footnotes":""},"class_list":["post-3","page","type-page","status-publish","hentry"],"_links":{"self":[{"href":"https:\/\/ekscelencjafci.pl\/en\/wp-json\/wp\/v2\/pages\/3","targetHints":{"allow":["GET"]}}],"collection":[{"href":"https:\/\/ekscelencjafci.pl\/en\/wp-json\/wp\/v2\/pages"}],"about":[{"href":"https:\/\/ekscelencjafci.pl\/en\/wp-json\/wp\/v2\/types\/page"}],"author":[{"embeddable":true,"href":"https:\/\/ekscelencjafci.pl\/en\/wp-json\/wp\/v2\/users\/1"}],"replies":[{"embeddable":true,"href":"https:\/\/ekscelencjafci.pl\/en\/wp-json\/wp\/v2\/comments?post=3"}],"version-history":[{"count":1,"href":"https:\/\/ekscelencjafci.pl\/en\/wp-json\/wp\/v2\/pages\/3\/revisions"}],"predecessor-version":[{"id":291,"href":"https:\/\/ekscelencjafci.pl\/en\/wp-json\/wp\/v2\/pages\/3\/revisions\/291"}],"wp:attachment":[{"href":"https:\/\/ekscelencjafci.pl\/en\/wp-json\/wp\/v2\/media?parent=3"}],"curies":[{"name":"wp","href":"https:\/\/api.w.org\/{rel}","templated":true}]}}